{"id":152,"date":"2018-06-07T08:23:22","date_gmt":"2018-06-07T08:23:22","guid":{"rendered":"https:\/\/deserteursberatung.at\/?page_id=152"},"modified":"2023-08-17T00:36:35","modified_gmt":"2023-08-16T22:36:35","slug":"kontakt-und-beratung","status":"publish","type":"page","link":"https:\/\/deserteursberatung.at\/index.php\/kontakt-und-beratung\/","title":{"rendered":"Kontakt und Beratung"},"content":{"rendered":"<p style=\"text-align: center;\"><strong>Offene Beratung<\/strong> im Asyl- und fremdenpolizeilichen Verfahren:<br \/>\njeden <strong>Mittwoch: 18:00 &#8211; 19:30 Uhr &#8211; <\/strong>Terminvereinbarung nicht notwendig<strong><br \/>\n<\/strong><\/p>\n<p>Die offene Beratung findet\u00a0 in der Schottengasse 3a\/Stiege 1 &#8211; Hof rechts\/4. Stock\/T\u00fcr 59, 1010 Wien statt.<\/p>\n<p>Wir ersuchen\u00a0 &#8211; wenn m\u00f6glich &#8211; aus organisatorischen Gr\u00fcnden um Anmeldung per Telefon oder Mail.<\/p>\n<p>Bitte bringen Sie zur Beratung, soweit m\u00f6glich, alle Dokumente aus Ihrem bisherigen Verfahren mit.<\/p>\n<p>\u00dcbersetzungen f\u00fcr die Sprachen Arabisch, Dari, Farsi, Russisch, Tschetschenisch, Somali, Urdu, Englisch, Franz\u00f6sisch, Spanisch, Italienisch, T\u00fcrkisch, Rum\u00e4nisch k\u00f6nnen wir nach vorheriger Absprache anbieten.<\/p>\n<p>Bringen Sie aber gerne eine*n \u00dcbersetzer*in Ihres Vertrauens mit!<\/p>\n<p style=\"text-align: left;\">Bitte planen Sie genug Zeit ein &#8211; es kann immer wieder zu l\u00e4ngeren Wartezeiten kommen.<\/p>\n<p style=\"text-align: left;\">Eine Erstberatung am Mittwochabend ohne vorheriger Terminvereinbarung k\u00f6nnen wir f\u00fcr alle garantieren.<\/p>\n<p style=\"text-align: center;\"><strong>B\u00fcro\u00f6ffnungszeiten<\/strong><\/p>\n<p style=\"text-align: center;\">\u00a0Termine nur nach vorheriger Vereinbarung:<\/p>\n<p style=\"text-align: center;\"><strong>Montag &#8211; Donnerstag 10:00 &#8211; 16:00 Uhr<\/strong><br \/>\n<strong>Freitag 10:00 &#8211; 14:00 Uhr<\/strong><\/p>\n<p style=\"text-align: center;\">Schottengasse 3a\/1\/4\/59, 1010 Wien<br \/>\nTel.: +43-1-533 72 71<br \/>\nFax.: +43-1-532 74 16<br \/>\nE-Mail: info@deserteursberatung.at<del><\/del><\/p>\n<p>Sollten Sie uns au\u00dferhalb der \u00d6ffnungszeiten kontaktieren oder uns nicht erreichen, hinterlassen Sie bitte eine Nachricht mit Ihrem Namen und Ihrer Telefonnummer auf dem Anrufbeantworter &#8211; wir rufen Sie zur\u00fcck oder schreiben Sie uns ein Mail.<\/p>\n","protected":false},"excerpt":{"rendered":"<p>Offene Beratung im Asyl- und fremdenpolizeilichen Verfahren: jeden Mittwoch: 18:00 &#8211; 19:30 Uhr &#8211; Terminvereinbarung <a class=\"more-link\" href=\"https:\/\/deserteursberatung.at\/index.php\/kontakt-und-beratung\/\">weiterlesen&#8230;<\/a><\/p>\n","protected":false},"author":2,"featured_media":841,"parent":0,"menu_order":0,"comment_status":"closed","ping_status":"closed","template":"","meta":{"footnotes":""},"class_list":["post-152","page","type-page","status-publish","has-post-thumbnail","hentry"],"_links":{"self":[{"href":"https:\/\/deserteursberatung.at\/index.php\/wp-json\/wp\/v2\/pages\/152","targetHints":{"allow":["GET"]}}],"collection":[{"href":"https:\/\/deserteursberatung.at\/index.php\/wp-json\/wp\/v2\/pages"}],"about":[{"href":"https:\/\/deserteursberatung.at\/index.php\/wp-json\/wp\/v2\/types\/page"}],"author":[{"embeddable":true,"href":"https:\/\/deserteursberatung.at\/index.php\/wp-json\/wp\/v2\/users\/2"}],"replies":[{"embeddable":true,"href":"https:\/\/deserteursberatung.at\/index.php\/wp-json\/wp\/v2\/comments?post=152"}],"version-history":[{"count":21,"href":"https:\/\/deserteursberatung.at\/index.php\/wp-json\/wp\/v2\/pages\/152\/revisions"}],"predecessor-version":[{"id":1406,"href":"https:\/\/deserteursberatung.at\/index.php\/wp-json\/wp\/v2\/pages\/152\/revisions\/1406"}],"wp:featuredmedia":[{"embeddable":true,"href":"https:\/\/deserteursberatung.at\/index.php\/wp-json\/wp\/v2\/media\/841"}],"wp:attachment":[{"href":"https:\/\/deserteursberatung.at\/index.php\/wp-json\/wp\/v2\/media?parent=152"}],"curies":[{"name":"wp","href":"https:\/\/api.w.org\/{rel}","templated":true}]}}