{"id":179,"date":"2018-07-29T08:23:15","date_gmt":"2018-07-29T08:23:15","guid":{"rendered":"https:\/\/deserteursberatung.at\/?page_id=179"},"modified":"2023-08-17T00:39:36","modified_gmt":"2023-08-16T22:39:36","slug":"spende","status":"publish","type":"page","link":"https:\/\/deserteursberatung.at\/index.php\/spende\/","title":{"rendered":"Spende"},"content":{"rendered":"<p>Mit Deiner Spende leistest Du einen wesentlichen Beitrag zum Fortbestehen der Beratungsstelle.<\/p>\n<p>Dauerauftr\u00e4ge erm\u00f6glichen uns eine bessere Kalkulation unserer Ausgaben:<\/p>\n<p><strong>IBAN: AT63 1400 0010 1081 3332<\/strong><br \/>\n<strong>BIC: BAWAATWW<\/strong><\/p>\n<div class=\"entry-content\">\n<p>Geld ist bei dir knapp aber Zeit hast du genug?<\/p>\n<p>Wir freuen uns auch \u00fcber Unterst\u00fctzung in Form von Mittwochsempfang, \u00dcbersetzung vor allem f\u00fcr die Sprachen Dari, Farsi, Pashto, Somali, Arabisch, Russisch aber auch der Homepage, Mitarbeit im Rahmen eines Praktikums oder der Beratung, IT-Support, Organisation von Partys oder was dir sonst sinnvoll erscheint.<\/p>\n<p>Schreib uns einfach!<\/p>\n<\/div>\n","protected":false},"excerpt":{"rendered":"<p>Mit Deiner Spende leistest Du einen wesentlichen Beitrag zum Fortbestehen der Beratungsstelle. Dauerauftr\u00e4ge erm\u00f6glichen uns <a class=\"more-link\" href=\"https:\/\/deserteursberatung.at\/index.php\/spende\/\">weiterlesen&#8230;<\/a><\/p>\n","protected":false},"author":2,"featured_media":0,"parent":0,"menu_order":0,"comment_status":"closed","ping_status":"closed","template":"","meta":{"footnotes":""},"class_list":["post-179","page","type-page","status-publish","hentry"],"_links":{"self":[{"href":"https:\/\/deserteursberatung.at\/index.php\/wp-json\/wp\/v2\/pages\/179","targetHints":{"allow":["GET"]}}],"collection":[{"href":"https:\/\/deserteursberatung.at\/index.php\/wp-json\/wp\/v2\/pages"}],"about":[{"href":"https:\/\/deserteursberatung.at\/index.php\/wp-json\/wp\/v2\/types\/page"}],"author":[{"embeddable":true,"href":"https:\/\/deserteursberatung.at\/index.php\/wp-json\/wp\/v2\/users\/2"}],"replies":[{"embeddable":true,"href":"https:\/\/deserteursberatung.at\/index.php\/wp-json\/wp\/v2\/comments?post=179"}],"version-history":[{"count":21,"href":"https:\/\/deserteursberatung.at\/index.php\/wp-json\/wp\/v2\/pages\/179\/revisions"}],"predecessor-version":[{"id":1410,"href":"https:\/\/deserteursberatung.at\/index.php\/wp-json\/wp\/v2\/pages\/179\/revisions\/1410"}],"wp:attachment":[{"href":"https:\/\/deserteursberatung.at\/index.php\/wp-json\/wp\/v2\/media?parent=179"}],"curies":[{"name":"wp","href":"https:\/\/api.w.org\/{rel}","templated":true}]}}