{"id":500,"date":"2020-01-26T15:51:48","date_gmt":"2020-01-26T13:51:48","guid":{"rendered":"https:\/\/deserteursberatung-dev.diebin.at\/?page_id=500"},"modified":"2025-02-26T10:29:21","modified_gmt":"2025-02-26T08:29:21","slug":"datenschutz","status":"publish","type":"page","link":"https:\/\/deserteursberatung.at\/index.php\/datenschutz\/","title":{"rendered":"Information zum Datenschutz und Impressum"},"content":{"rendered":"\n<p>Zur Erf\u00fcllung der Aufgaben im Rahmen des Vertretungsverh\u00e4ltnisses ist eine Verarbeitung (Erfassung, Speicherung, Verwendung, L\u00f6schung etc.) personenbezogener (inkl. sensibler) Daten seitens der unserer Organisation erforderlich (Art.&nbsp;6&nbsp;Abs.&nbsp;1&nbsp;lit.&nbsp;b&nbsp;DSGVO). <\/p>\n\n\n\n<p>Davon umfasst sind die Daten von Klient_Innen sowie sonstigen beteiligten Personen, sofern dies der Erf\u00fcllung des Vertretungsverh\u00e4ltnisses dienlich ist und keine schutzw\u00fcrdigen Geheimhaltungsinteressen verletzt werden.<\/p>\n\n\n\n<p>Zweck der Datenverarbeitung<\/p>\n\n\n\n<ul class=\"wp-block-list\">\n<li>Vertretung in allen asyl-, aufenthaltsrechtlichen-, fremdenpolizeilichen-, Verwaltungs- und Verwaltungsstraf-, in allen Verfahren nach den Grundversorgungsgesetzen, sowie in allen sonstigen damit in Zusammenhang stehenden Verfahren, sowohl vor Verwaltungs- als auch Finanzbeh\u00f6rden.<\/li>\n<\/ul>\n\n\n\n<p>Wer erh\u00e4lt meine Daten?<\/p>\n\n\n\n<ul class=\"wp-block-list\">\n<li>Mitarbeiter_innen der Deserteurs- und Fl\u00fcchtlingsberatung<\/li>\n\n\n\n<li>ggf. Beh\u00f6rden, Gerichte etc.<\/li>\n\n\n\n<li>von Ihnen genannte Kontaktpersonen<\/li>\n\n\n\n<li>ggf. gesetzliche Vertreter_innen<\/li>\n\n\n\n<li>\u00d6sterreichische Vertretungsbeh\u00f6rden (Botschaften, Konsulate) in einem Drittstaat. Dies jedoch nur, wenn Sie einer Weitergabe zustimmen.<\/li>\n\n\n\n<li>ggf. \u00c4rzt_innen, Rechtsberatungsorganisationen, Partnerorganisationen<\/li>\n\n\n\n<li>Drittl\u00e4nder oder internationale Organisationen. Dies jedoch nur wenn Sie der \u00dcbermittlung ausdr\u00fccklich zustimmen.<\/li>\n<\/ul>\n\n\n\n<p>Wie lange werden diese Daten gespeichert?<\/p>\n\n\n\n<ul class=\"wp-block-list\">\n<li>Ihre Daten werden 2 Jahre nach Letztkontakt f\u00fcr 7 Jahre archiviert. Insgesamt also nach dem letzten Kontakt noch 9 Jahre<\/li>\n<\/ul>\n\n\n\n<p>Wer ist f\u00fcr die \u00dcberwachung der Einhaltung der Datenschutzbestimmungen verantwortlich?<\/p>\n\n\n\n<ul class=\"wp-block-list\">\n<li>Datenschutzbeauftragte des Vereins Deserteurs- und Fl\u00fcchtlingsberatung:<\/li>\n<\/ul>\n\n\n\n<p>Mag. Sebastian Sperner<\/p>\n\n\n\n<p>Was sind meine Rechte im Hinblick auf meine Daten?<\/p>\n\n\n\n<p>Sie haben gegen\u00fcber unserer Organisation folgende datenschutzrelevante Rechte:<\/p>\n\n\n\n<ul class=\"wp-block-list\">\n<li>Best\u00e4tigung und Auskunft: Sie haben ein Recht eine Best\u00e4tigung dar\u00fcber zu verlangen, ob Sie betreffende personenbezogene Daten verarbeitet werden. Ist dies der Fall haben sie ein Recht zu erfahren, wof\u00fcr Ihre Daten verwendet werden, wer die Empf\u00e4nger_innen Ihrer Daten sind, wie lange Ihre Daten gespeichert werden, etc.<\/li>\n\n\n\n<li> Berichtigung: Sollten sich die von unserer Organisation erhobenen Daten ver\u00e4ndern, haben Sie ein Recht darauf, dass diese bei uns berichtigt werden<\/li>\n\n\n\n<li>L\u00f6schung: Sie haben ein Recht auf L\u00f6schung Ihrer Daten<\/li>\n\n\n\n<li>Widerruf: Sie haben ein Recht, gegen die Verarbeitung Ihrer Daten Widerspruch einzulegen, jedoch ist dabei zu bedenken, dass eine Aus\u00fcbung dieses Rechtes zur Aufl\u00f6sung der Vollmacht f\u00fchren muss, da wir ohne Verarbeitung Ihrer Daten die Vertretung nicht mehr wahrnehmen k\u00f6nnen<\/li>\n\n\n\n<li>Beschwerderecht: Sollten wir den datenschutzrechtlichen Bestimmungen nicht nachkommen, kommt Ihnen ein Beschwerderecht bei der Aufsichtsbeh\u00f6rde zu<\/li>\n\n\n\n<li>Recht auf Einschr\u00e4nkung der Verarbeitung: Wenn die von uns verwendeten Daten nicht richtig sind bzw. die Verarbeitung unrechtm\u00e4\u00dfig erfolgte oder Sie gegen die Verarbeitung Widerspruch eingelegt haben, d\u00fcrfen wir Ihre Daten nicht weiter verwenden<\/li>\n\n\n\n<li>Recht auf Daten\u00fcbertragbarkeit \u2013 soweit technisch machbar und nicht unzumutbar haben sie ein Recht die sie betreffenden personenbezogenen Daten, in einem strukturierten, g\u00e4ngigen, maschinenlesbaren und interoperablen Format zu erhalten.<\/li>\n<\/ul>\n\n\n\n<p>Kann ich die Einwilligung zur Verarbeitung meiner Daten widerrufen?<\/p>\n\n\n\n<ul class=\"wp-block-list\">\n<li>Ja, jederzeit. Allerdings k\u00f6nnen wir Sie dann nicht mehr vertreten<\/li>\n<\/ul>\n\n\n\n<p>K\u00f6nnen meine Daten auch bei anderen Personen erhoben werden?<\/p>\n\n\n\n<ul class=\"wp-block-list\">\n<li>Ja, beispielsweise von der von Ihnen genannten Kontaktperson, von Gerichten, Beh\u00f6rden oder anderen \u00f6ffentlichen Stellen.\n<ul class=\"wp-block-list\">\n<li>z.B. Akteneinsicht; telefonische Auskunft<\/li>\n\n\n\n<li>Bei einer Zustellung zHd der Deserteurs- und Fl\u00fcchtlingsberatung oder zHd eines\/r zustellbevollm\u00e4chtigten Vertreter\/in bei aufrechter Zustellvollmacht.<\/li>\n\n\n\n<li>\u00f6ffentlich verf\u00fcgbare Daten (z.B. Firmenbuch, Telefonbuch).<\/li>\n\n\n\n<li>Kontakt mit anderen Betreuungs- und Beratungsinstitutionen<\/li>\n<\/ul>\n<\/li>\n\n\n\n<li>Werden solche Daten erhoben, so sind sie davon zu informieren (Art 14 DSGVO)<\/li>\n<\/ul>\n\n\n\n<p>Geltendmachung Ihrer Rechte<\/p>\n\n\n\n<ul class=\"wp-block-list\">\n<li>Sie k\u00f6nnen s\u00e4mtliche Rechte durch ein Email an info@deserteursberatung.at oder durch pers\u00f6nliche Kontaktaufnahme (z.B. per Telefon oder direkt vor Ort) oder durch eine Mitteilung per Post oder Telefax aus\u00fcben.<\/li>\n\n\n\n<li>Verantwortlich f\u00fcr die Datenverarbeitung ist der Verein Deserteurs- und Fl\u00fcchtlingsberatung (ZVR-Zahl: 238394183)<\/li>\n<\/ul>\n\n\n\n<p class=\"has-large-font-size\">Impressum<\/p>\n\n\n\n<p>Deserteurs- und Fl\u00fcchtlingsberatung<br>Schottengasse 3a\/1\/59<br>1010 Wien<\/p>\n\n\n\n<p>Mail: info@deserteursberatung.at<\/p>\n\n\n\n<p>Tel: 01\/533 72 71<\/p>\n\n\n\n<p>Fax: 01\/532 74 16<\/p>\n\n\n\n<p>ZVR-Zahl: 238394183<\/p>\n\n\n\n<p><strong>Unternehmensgegenstand:<\/strong> Rechtsberatung im Asyl- und fremdenrechtlichen Verfahren<\/p>\n\n\n\n<p><strong>F\u00fcr den Inhalt verantwortlich:<\/strong> Deserteurs- und Fl\u00fcchtlingsberatung<\/p>\n\n\n\n<p><strong>Haftungsausschluss<\/strong><br>Wir pr\u00fcfen und aktualisieren alle Informationen, die wir auf unserer Website zur Verf\u00fcgung stellen, kontinuierlich. Dennoch k\u00f6nnen sich manche Angaben zwischenzeitlich ge\u00e4ndert haben oder obsolet sein. Eine Haftung oder Garantie f\u00fcr die Aktualit\u00e4t, Richtigkeit und Vollst\u00e4ndigkeit der zur Verf\u00fcgung gestellten Informationen kann aus diesen Gr\u00fcnden nicht \u00fcbernommen werden. F\u00fcr den Inhalt und die Darstellung von anderen Webseiten, auf die mittels Link verwiesen wird, kann von uns keine Verantwortung \u00fcbernommen werden, da diese Informationen und Seiteninhalte nicht unserer Kontrolle unterliegen. Sollte jedoch ein Link auf eine Webseite verweisen, die gesetzwidrige oder sittenwidrige Inhalte beinhaltet, bitten wir, uns umgehend davon in Kenntnis zu setzen. Wir werden unverz\u00fcglich die Entfernung dieses Links veranlassen.<\/p>\n","protected":false},"excerpt":{"rendered":"<p>Zur Erf\u00fcllung der Aufgaben im Rahmen des Vertretungsverh\u00e4ltnisses ist eine Verarbeitung (Erfassung, Speicherung, Verwendung, L\u00f6schung <a class=\"more-link\" href=\"https:\/\/deserteursberatung.at\/index.php\/datenschutz\/\">weiterlesen&#8230;<\/a><\/p>\n","protected":false},"author":2,"featured_media":270,"parent":0,"menu_order":0,"comment_status":"closed","ping_status":"closed","template":"","meta":{"footnotes":""},"class_list":["post-500","page","type-page","status-publish","has-post-thumbnail","hentry"],"_links":{"self":[{"href":"https:\/\/deserteursberatung.at\/index.php\/wp-json\/wp\/v2\/pages\/500","targetHints":{"allow":["GET"]}}],"collection":[{"href":"https:\/\/deserteursberatung.at\/index.php\/wp-json\/wp\/v2\/pages"}],"about":[{"href":"https:\/\/deserteursberatung.at\/index.php\/wp-json\/wp\/v2\/types\/page"}],"author":[{"embeddable":true,"href":"https:\/\/deserteursberatung.at\/index.php\/wp-json\/wp\/v2\/users\/2"}],"replies":[{"embeddable":true,"href":"https:\/\/deserteursberatung.at\/index.php\/wp-json\/wp\/v2\/comments?post=500"}],"version-history":[{"count":10,"href":"https:\/\/deserteursberatung.at\/index.php\/wp-json\/wp\/v2\/pages\/500\/revisions"}],"predecessor-version":[{"id":1724,"href":"https:\/\/deserteursberatung.at\/index.php\/wp-json\/wp\/v2\/pages\/500\/revisions\/1724"}],"wp:featuredmedia":[{"embeddable":true,"href":"https:\/\/deserteursberatung.at\/index.php\/wp-json\/wp\/v2\/media\/270"}],"wp:attachment":[{"href":"https:\/\/deserteursberatung.at\/index.php\/wp-json\/wp\/v2\/media?parent=500"}],"curies":[{"name":"wp","href":"https:\/\/api.w.org\/{rel}","templated":true}]}}